{"id":1862,"date":"2019-02-16T15:51:13","date_gmt":"2019-02-16T14:51:13","guid":{"rendered":"https:\/\/www.rutasdetierraymar.com\/en\/reserva-tu-excursion"},"modified":"2024-05-27T23:52:09","modified_gmt":"2024-05-27T21:52:09","slug":"book-your-excursion","status":"publish","type":"page","link":"https:\/\/www.rutasdetierraymar.com\/en\/book-your-excursion","title":{"rendered":"Book your excursion"},"content":{"rendered":"<div class=\"ixo-submain\"><div class=\"ixo-submain-h g-html i-cf\"><div class=\"xcontainer\">\n<div class=\"xrow\">\n<div class=\"xcol-md-8\">\n<p>Now you can use our booking on line system when you like to book a excursion.<\/p>\n<p>If you have problems to book or you like a different time-able or different excursion, please, you call or whasapp : 616214878\u00a0 or you write\u00a0 email: info@rutasdetierraymar.com<\/p>\n<p>&nbsp;<\/p>\n<\/div>\n<div class=\"xcol-md-4\">\n<div class=\"\" style=\"border: 1px solid #D2D2D2; padding: 1rem 1rem 0 1rem; border-radius: .4rem;\">\n<p><!--\n\n<div class=\"vc_message_box-icon\"><i class=\"fa fa-file-pdf-o\"><\/i><\/div>\n\n\n\n<p><a style=\"font-weight:bold;\" href=\"\/media\/PROTOCOLO-COVID-DICIEMBRE-2020.pdf\" target=\"_blank\" rel=\"noopener noreferrer\">COVID PROTOCOL &raquo;<\/a><\/p>\n\n--><\/p>\n<div class=\"vc_message_box-icon\"><i class=\"fa fa-file-pdf-o\"><\/i><\/div>\n<p><a style=\"font-weight:bold;\" href=\"\/media\/NORMAS-DE-SEGURIDAD-Y-CONDUCTA-A-CUMPLIR-A-BORDO-DE-LOS-BARCOS.pdf\" target=\"_blank\" rel=\"noopener noreferrer\">SAFETY AND CONDUCT RULES TO BE FOLLOWED ON BOARD BOATS &raquo;<\/a><\/p>\n<\/div>\n<\/div>\n<\/div>\n<\/div>\n<p>&nbsp;<\/p>\n<hr \/>\n<p><!--\n\n\n<div class=\"load-turitop\" data-service=\"all\" data-lang=\"es\" data-embed=\"box\"><\/div>\n\n\n--><\/p>\n<div class=\"xcontainer\">\n<div class=\"xrow\">\n<div class=\"xcol-md-6\">\n<div class=\"load-turitop\" data-service=\"P1\" data-lang=\"en\" data-embed=\"box\"><\/div>\n<\/div>\n<div class=\"xcol-md-6\">\n<div class=\"load-turitop\" data-service=\"P4\" data-lang=\"en\" data-embed=\"box\"><\/div>\n<\/div>\n<\/div>\n<div class=\"xrow\">\n<div class=\"xcol-md-6\">\n<div class=\"load-turitop\" data-service=\"P2\" data-lang=\"en\" data-embed=\"box\"><\/div>\n<\/div>\n<div class=\"xcol-md-6\">\n<div class=\"load-turitop\" data-service=\"P3\" data-lang=\"en\" data-embed=\"box\"><\/div>\n<\/div>\n<\/div>\n<div class=\"xrow\">\n<div class=\"xcol-md-6\">\n<div class=\"load-turitop\" data-service=\"P5\" data-lang=\"en\" data-embed=\"box\"><\/div>\n<\/div>\n<div class=\"xcol-md-6\">\n<div class=\"load-turitop\" data-service=\"P6\" data-lang=\"en\" data-embed=\"box\"><\/div>\n<div>&nbsp;<\/div>\n<\/div>\n<\/div>\n<\/div>\n<hr \/>\n<p>&nbsp;<\/p>\n<p><strong>Cancelations:<\/strong><\/p>\n<p>-If you cancel the reservation less than\u00a024 hours before the departure date you have no right to a refund or a change of dates.<\/p>\n<p>If you like cancel you must write it\u00a0by email: info@rutasdetierraymar.com<\/p>\n<p>-If the departure is canceled due to bad weather, the company is under the obligation to offer you other dates to do the trip or refund the amount paid. Cancellation due to bad weather is the responsibility of the crew.<\/p>\n<p>-If the company cancels departure, for reasons that are nothing to do with those taking part, the deposit is refunded in full<\/p>\n<p>&nbsp;<\/p>\n<p><strong>Refund:<\/strong><\/p>\n<p>If you cancel, the company refund the money in 1 \u00f3 2 days maximun after the cancelation<\/p>\n<p><strong>Important:<\/strong><\/p>\n<p>It&#8217;s necesary to be on time, you have no right to a refund or a change of dates.<\/p>\n<p>&nbsp;<\/p>\n<p><strong>AVISO LEGAL<\/strong><\/p>\n<p><strong>DENOMINACI\u00d3N SOCIAL<\/strong>: Cet\u00e1ceos y Navegaci\u00f3n SL<br \/>\nDomicilio Social: C\/ Magistrado Hilario 7 bajo izq.\u00a0 \u2013 30860 \u2013 Puerto de Mazarr\u00f3n (Murcia)<br \/>\nCIF \/ NIF: B-73226409<br \/>\nE-MAIL: info@rutasdetierraymar.com<br \/>\nNOMBRE DE DOMINIO: www.rutasdetierraymar.com<\/p>\n<p><strong>OBJETO<\/strong><br \/>\nEl prestador, responsable del sitio web, pone a disposici\u00f3n de los usuarios el presente documento con el que pretende dar cumplimiento a las obligaciones dispuestas en la Ley 34\/2002, de Servicios de la Sociedad de la Informaci\u00f3n y del Comercio Electr\u00f3nico (LSSI-CE), as\u00ed como informar a todos los usuarios del sitio web respecto a cu\u00e1les son las condiciones de uso del sitio web.<\/p>\n<p>Toda persona que acceda a este sitio web asume el papel de usuario, comprometi\u00e9ndose a la observancia y cumplimiento riguroso de las disposiciones aqu\u00ed dispuestas, as\u00ed como a cualesquiera otra disposici\u00f3n legal que fuera de aplicaci\u00f3n.<br \/>\nEl prestador se reserva el derecho a modificar cualquier tipo de informaci\u00f3n que pudiera aparecer en el sitio web, sin que exista obligaci\u00f3n de preavisar o poner en conocimiento de los usuarios dichas obligaciones, entendi\u00e9ndose como suficiente con la publicaci\u00f3n en el sitio web del prestador.<\/p>\n<p><strong>RESPONSABILIDAD<\/strong><br \/>\nEl prestador se exime de cualquier tipo de responsabilidad derivada de la informaci\u00f3n publicada en su sitio web, siempre que esta informaci\u00f3n haya sido manipulada o introducida por un tercero ajeno al mismo.<\/p>\n<p>El sitio web del prestador puede utilizar cookies (peque\u00f1os archivos de informaci\u00f3n que el servidor env\u00eda al ordenador de quien accede a la p\u00e1gina) para llevar a cabo determinadas funciones que son consideradas imprescindibles para el correcto funcionamiento y visualizaci\u00f3n del sitio. Las cookies utilizadas en el sitio web tienen, en todo caso, car\u00e1cter temporal con la \u00fanica finalidad de hacer m\u00e1s eficaz su transmisi\u00f3n ulterior y desaparecen al terminar la sesi\u00f3n del usuario. En ning\u00fan caso se utilizar\u00e1n las cookies para recoger informaci\u00f3n de car\u00e1cter personal.<\/p>\n<p>Desde el sitio web del cliente es posible que se redirija a contenidos de terceros sitios web. Dado que el prestador no puede controlar siempre los contenidos introducidos por los terceros en sus sitios web, \u00e9ste no asume ning\u00fan tipo de responsabilidad respecto a dichos contenidos. En todo caso, el prestador manifiesta que proceder\u00e1 a la retirada inmediata de cualquier contenido que pudiera contravenir la legislaci\u00f3n nacional o internacional, la moral o el orden p\u00fablico, procediendo a la retirada inmediata de la redirecci\u00f3n a dicho sitio web, poniendo en conocimiento de las autoridades competentes el contenido en cuesti\u00f3n.<\/p>\n<p>El prestador no se hace responsable de la informaci\u00f3n y contenidos almacenados, a t\u00edtulo enunciativo pero no limitativo, en foros, chat\u00b4s, generadores de blogs, comentarios, redes sociales o cualesquiera otro medio que permita a terceros publicar contenidos de forma independiente en la p\u00e1gina web del prestador. No obstante y en cumplimiento de lo dispuesto en el art. 11 y 16 de la LSSI-CE, el prestador se pone a disposici\u00f3n de todos los usuarios, autoridades y fuerzas de seguridad, y colaborando de forma activa en la retirada o en su caso bloqueo de todos aquellos contenidos que pudieran afectar o contravenir la legislaci\u00f3n nacional, o internacional, derechos de terceros o la moral y el orden p\u00fablico. En caso de que el usuario considere que existe en el sitio web alg\u00fan contenido que pudiera ser susceptible de esta clasificaci\u00f3n, se ruega lo notifique de forma inmediata al administrador del sitio web.<\/p>\n<p>Este sitio web ha sido revisado y probado para que funcione correctamente. En principio, puede garantizarse el correcto funcionamiento los 365 d\u00edas del a\u00f1o, 24 horas al d\u00eda. No obstante, el prestador no descarta la posibilidad de que existan ciertos errores de programaci\u00f3n, o que acontezcan causas de fuerza mayor, cat\u00e1strofes naturales, huelgas, o circunstancias semejantes que hagan imposible el acceso a la p\u00e1gina web.<\/p>\n<p><strong>PROTECCI\u00d3N DE DATOS PERSONALES<\/strong><br \/>\nEl prestador se encuentra profundamente comprometido con el cumplimiento de la normativa espa\u00f1ola de protecci\u00f3n de datos de car\u00e1cter personal, y garantiza el cumplimiento \u00edntegro de las obligaciones dispuestas, as\u00ed como la implementaci\u00f3n de las medidas de seguridad dispuestas en el art. 9 de la Ley 15\/1999, de Protecci\u00f3n de Datos de Car\u00e1cter Personal (LOPD) y en el Reglamento de Desarrollo de la LOPD.<\/p>\n<p>El prestador pone a disposici\u00f3n de los usuarios la Pol\u00edtica de Privacidad de la entidad informando a los usuarios respecto a los siguientes aspectos:<\/p>\n<p>Datos del Responsable del tratamiento.<br \/>\nDatos tratados.<br \/>\nFichero en el que se almacenan.<br \/>\nFinalidad del tratamiento.<br \/>\nObligatoriedad o no de facilitarlos, as\u00ed como las consecuencias en caso de no facilitarlos.<br \/>\nSobre los derechos que asisten a todo usuario y el procedimiento para ejercitarlos.<\/p>\n<p><strong>PROPIEDAD INTELECTUAL E INDUSTRIAL<\/strong><br \/>\nEl sitio web, incluyendo a t\u00edtulo enunciativo pero no limitativo su programaci\u00f3n, edici\u00f3n, compilaci\u00f3n y dem\u00e1s elementos necesarios para su funcionamiento, los dise\u00f1os, logotipos, texto y\/o gr\u00e1ficos son propiedad del prestador o en su caso dispone de licencia o autorizaci\u00f3n expresa por parte de los autores. Todos los contenidos del sitio web se encuentran debidamente protegidos por la normativa de propiedad intelectual e industrial, as\u00ed como inscritos en los registros p\u00fablicos correspondientes.<\/p>\n<p>Independientemente de la finalidad para la que fueran destinados, la reproducci\u00f3n total o parcial, uso, explotaci\u00f3n, distribuci\u00f3n y comercializaci\u00f3n, requiere en todo caso de la autorizaci\u00f3n escrita previa por parte del prestador. Cualquier uso no autorizado previamente por parte del prestador ser\u00e1 considerado un incumplimiento grave de los derechos de propiedad intelectual o industrial del autor.<\/p>\n<p>Los dise\u00f1os, logotipos, texto y\/o gr\u00e1ficos ajenos al prestador y que pudieran aparecer en el sitio web, pertenecen a sus respectivos propietarios, siendo ellos mismos responsables de cualquier posible controversia que pudiera suscitarse respecto a los mismos. En todo caso, el prestador cuenta con la autorizaci\u00f3n expresa y previa por parte de los mismos.<\/p>\n<p>El prestador autoriza\/no autoriza expresamente a que terceros puedan redirigir directamente a los contenidos concretos del sitio web, debiendo en todo caso redirigir al sitio web principal del prestador.<\/p>\n<p>El prestador reconoce a favor de sus titulares los correspondientes derechos de propiedad industrial e intelectual, no implicando su sola menci\u00f3n o aparici\u00f3n en el sitio web la existencia de derechos o responsabilidad alguna del prestador sobre los mismos, como tampoco respaldo, patrocinio o recomendaci\u00f3n por parte del mismo.<\/p>\n<p>Para realizar cualquier tipo de observaci\u00f3n respecto a posibles incumplimientos de los derechos de propiedad intelectual o industrial, as\u00ed como sobre cualquiera de los contenidos del sitio web, puede hacerlo a trav\u00e9s del siguiente correo electr\u00f3nico info@rutasdetierraymar.com.<\/p>\n<p><strong>LEY APLICABLE Y JURISDICCI\u00d3N<\/strong><br \/>\nPara la resoluci\u00f3n de todas las controversias o cuestiones relacionadas con el presente sitio web o de las actividades en \u00e9l desarrolladas, ser\u00e1 de aplicaci\u00f3n la legislaci\u00f3n espa\u00f1ola, a la que se someten expresamente las partes, siendo competentes para la resoluci\u00f3n de todos los conflictos derivados o relacionados con su uso los Juzgados y Tribunales.<\/p>\n<p><strong>POL\u00cdTICA DE PRIVACIDAD<\/strong><\/p>\n<p>Los usuarios, mediante la marcaci\u00f3n de la casilla, aceptan expresamente y de forma libre e inequ\u00edvoca que sus datos personales sean tratados por parte del prestador para realizar las siguientes finalidades:<\/p>\n<ol>\n<li>Remisi\u00f3n de comunicaciones comerciales publicitarias por e-mail, fax, SMS, MMS, comunidades sociales o cualesquier otro medio electr\u00f3nico o f\u00edsico, presente o futuro, que posibilite realizar comunicaci\u00f3n comerciales. Dichas comunicaciones comerciales ser\u00e1n relacionadas sobre productos o servicios ofrecidos por el prestador, as\u00ed como por parte de los colaboradores con los que \u00e9ste hubiera alcanzado alg\u00fan acuerdo de promoci\u00f3n comercial entre sus clientes. En este caso, los terceros nunca tendr\u00e1n acceso a los datos personales. En todo caso las comunicaciones comerciales ser\u00e1n realizadas por parte del prestador y ser\u00e1n de productos y servicios relacionados con el sector del prestador.<br \/>\n2. Realizar estudios estad\u00edsticos.<br \/>\n3. Tramitar encargos, solicitudes o cualquier tipo de petici\u00f3n que sea realizada por el usuario a trav\u00e9s de cualquiera de las formas de contacto que se ponen a disposici\u00f3n del usuario en el sitio web de la compa\u00f1\u00eda.<br \/>\n4. Remitir el bolet\u00edn de noticias de la p\u00e1gina web.<br \/>\nEl prestador informa y garantiza expresamente a los usuarios que sus datos personales no ser\u00e1n cedidos en ning\u00fan caso a terceras compa\u00f1\u00edas, y que siempre que fuera a realizarse alg\u00fan tipo de cesi\u00f3n de datos personales, de forma previa, se solicitar\u00eda el consentimiento expreso, informado, e inequ\u00edvoco por parte de los titulares.<br \/>\nTodos los datos solicitados a trav\u00e9s del sitio web son obligatorios, ya que son necesarios para la prestaci\u00f3n de un servicio \u00f3ptimo al usuario. En caso de que no sean facilitados todos los datos, el prestador no garantiza que la informaci\u00f3n y servicios facilitados sean completamente ajustados a sus necesidades.<\/li>\n<\/ol>\n<p>El prestador garantiza en todo caso al usuario el ejercicio de los derechos de acceso, rectificaci\u00f3n, cancelaci\u00f3n, informaci\u00f3n y oposici\u00f3n, en los t\u00e9rminos dispuestos en la legislaci\u00f3n vigente. Por ello, de conformidad con lo dispuesto en la Ley Org\u00e1nica 15\/1999, de Protecci\u00f3n de Datos de Car\u00e1cter Personal (LOPD) podr\u00e1 ejercer sus derechos remitiendo una solicitud expresa, junto a una copia de su DNI, a trav\u00e9s de los siguientes medios:<\/p>\n<ol>\n<li>E-Mail: info@rutasdetierraymar.com<br \/>\n2. Correo Postal: C\/ Magistrado Hilario 7 bajo izq. \u2013 30860 \u2013 Puerto de Mazarr\u00f3n (Murcia)\u2013 30860 \u2013 Puerto de Mazarr\u00f3n (Murcia)<\/li>\n<\/ol>\n<p>Del mismo modo, el usuario podr\u00e1 darse de baja de cualquiera de los servicios de suscripci\u00f3n facilitados haciendo clic en el apartado darse de baja de todos los correos electr\u00f3nicos remitidos por parte del prestador.<br \/>\nIgualmente, el prestador ha adoptado todas las medidas t\u00e9cnicas y de organizaci\u00f3n necesarias para garantizar la seguridad e integridad de los datos de car\u00e1cter personal que trate, as\u00ed como para evitar su p\u00e9rdida, alteraci\u00f3n y\/o acceso por parte de terceros no autorizados.<\/p>\n<p><strong>USO DE COOKIES Y DEL FICHERO DE ACTIVIDAD<\/strong><\/p>\n<p>El prestador por su propia cuenta o la de un tercero contratado para la prestaci\u00f3n de servicios de medici\u00f3n, pueden utilizar cookies cuando un usuario navega por el sitio web. Las cookies son ficheros enviados al navegador por medio de un servidor web con la finalidad de registrar las actividades del usuario durante su tiempo de navegaci\u00f3n.<br \/>\nLas cookies utilizadas por el sitio web se asocian \u00fanicamente con un usuario an\u00f3nimo y su ordenador, y no proporcionan por s\u00ed mismas los datos personales del usuario.<\/p>\n<p>Mediante el uso de las cookies resulta posible que el servidor donde se encuentra la web, reconozca el navegador web utilizado por el usuario con la finalidad de que la navegaci\u00f3n sea m\u00e1s sencilla, permitiendo, por ejemplo, el acceso a los usuarios que se hayan registrado previamente, acceder a las \u00e1reas, servicios, promociones o concursos reservados exclusivamente a ellos sin tener que registrarse en cada visita. Se utilizan tambi\u00e9n para medir la audiencia y par\u00e1metros del tr\u00e1fico, controlar el progreso y n\u00famero de entradas.<\/p>\n<p>El usuario tiene la posibilidad de configurar su navegador para ser avisado de la recepci\u00f3n de cookies y para impedir su instalaci\u00f3n en su equipo. Por favor, consulte las instrucciones y manuales de su navegador para ampliar esta informaci\u00f3n.<br \/>\nLas cookies utilizadas en este sitio web tienen, en todo caso, car\u00e1cter temporal con la \u00fanica finalidad de hacer m\u00e1s eficaz su transmisi\u00f3n ulterior. En ning\u00fan caso se utilizar\u00e1n las cookies para recoger informaci\u00f3n de car\u00e1cter personal.<\/p>\n<p><strong>DIRECCIONES IP<\/strong><br \/>\nLos servidores del sitio web podr\u00e1n detectar de manera autom\u00e1tica la direcci\u00f3n IP y el nombre de dominio utilizados por el usuario. Una direcci\u00f3n IP es un n\u00famero asignado autom\u00e1ticamente a un ordenador cuando \u00e9sta se conecta a Internet. Toda esta informaci\u00f3n es registrada en un fichero de actividad del servidor debidamente inscrito que permite el posterior procesamiento de los datos con el fin de obtener mediciones \u00fanicamente estad\u00edsticas que permitan conocer el n\u00famero de impresiones de p\u00e1ginas, el n\u00famero de visitas realizadas a los servicios web, el orden de visitas, el punto de acceso, etc.<\/p>\n<p><strong>SEGURIDAD<\/strong><br \/>\nEl sitio web utiliza t\u00e9cnicas de seguridad de la informaci\u00f3n generalmente aceptadas en la industria, tales como firewalls, procedimientos de control de acceso y mecanismos criptogr\u00e1ficos, todo ello con el objeto de evitar el acceso no autorizado a los datos. Para lograr estos fines, el usuario\/cliente acepta que el prestador obtenga datos para efectos de la correspondiente autenticaci\u00f3n de los controles de acceso. Todo proceso de contrataci\u00f3n o que conlleve la introducci\u00f3n de datos personales de car\u00e1cter alto (salud, ideolog\u00eda,\u2026) ser\u00e1n siempre transmitidos mediante protocolo de comunicaci\u00f3n segura (Https:\/\/,\u2026), de tal forma que de tal forma que ning\u00fan tercero tenga acceso a la informaci\u00f3n transmitida v\u00eda electr\u00f3nica<\/p>\n<p>&nbsp;<\/p>\n<p>&nbsp;<\/p>\n<p>&nbsp;<\/p>\n<\/div><\/div>","protected":false},"excerpt":{"rendered":"<p>Now you can use our booking on line system when you like to book a excursion. If you have problems to book or you like a different time-able or different excursion, please, you call or whasapp : 616214878\u00a0 or you&#8230;<\/p>\n","protected":false},"author":1,"featured_media":1822,"parent":0,"menu_order":0,"comment_status":"closed","ping_status":"closed","template":"","meta":{"footnotes":""},"class_list":["post-1862","page","type-page","status-publish","has-post-thumbnail","hentry"],"aioseo_notices":[],"_links":{"self":[{"href":"https:\/\/www.rutasdetierraymar.com\/en\/wp-json\/wp\/v2\/pages\/1862","targetHints":{"allow":["GET"]}}],"collection":[{"href":"https:\/\/www.rutasdetierraymar.com\/en\/wp-json\/wp\/v2\/pages"}],"about":[{"href":"https:\/\/www.rutasdetierraymar.com\/en\/wp-json\/wp\/v2\/types\/page"}],"author":[{"embeddable":true,"href":"https:\/\/www.rutasdetierraymar.com\/en\/wp-json\/wp\/v2\/users\/1"}],"replies":[{"embeddable":true,"href":"https:\/\/www.rutasdetierraymar.com\/en\/wp-json\/wp\/v2\/comments?post=1862"}],"version-history":[{"count":25,"href":"https:\/\/www.rutasdetierraymar.com\/en\/wp-json\/wp\/v2\/pages\/1862\/revisions"}],"predecessor-version":[{"id":2396,"href":"https:\/\/www.rutasdetierraymar.com\/en\/wp-json\/wp\/v2\/pages\/1862\/revisions\/2396"}],"wp:featuredmedia":[{"embeddable":true,"href":"https:\/\/www.rutasdetierraymar.com\/en\/wp-json\/wp\/v2\/media\/1822"}],"wp:attachment":[{"href":"https:\/\/www.rutasdetierraymar.com\/en\/wp-json\/wp\/v2\/media?parent=1862"}],"curies":[{"name":"wp","href":"https:\/\/api.w.org\/{rel}","templated":true}]}}